{"id":11828,"date":"2025-07-05T16:35:13","date_gmt":"2025-07-05T15:35:13","guid":{"rendered":"https:\/\/honeyway.site\/?page_id=11828"},"modified":"2025-09-24T17:24:05","modified_gmt":"2025-09-24T16:24:05","slug":"laboratory","status":"publish","type":"page","link":"https:\/\/honey-way.com\/de\/laboratory\/","title":{"rendered":"Labor"},"content":{"rendered":"<div data-elementor-type=\"wp-page\" data-elementor-id=\"11828\" class=\"elementor elementor-11828\">\n\t\t\t\t\t\t<section class=\"elementor-section elementor-top-section elementor-element elementor-element-45bd8e1 elementor-section-full_width qodef-elementor-content-grid elementor-section-height-default elementor-section-height-default\" data-id=\"45bd8e1\" data-element_type=\"section\">\n\t\t\t\t\t\t<div class=\"elementor-container elementor-column-gap-default\">\n\t\t\t\t\t<div class=\"elementor-column elementor-col-50 elementor-top-column elementor-element elementor-element-9bb233f\" data-id=\"9bb233f\" data-element_type=\"column\" data-settings=\"{&quot;background_background&quot;:&quot;classic&quot;}\">\n\t\t\t<div class=\"elementor-widget-wrap elementor-element-populated\">\n\t\t\t\t\t\t<div class=\"elementor-element elementor-element-aacbad7 elementor-widget elementor-widget-agraria_core_separator\" data-id=\"aacbad7\" data-element_type=\"widget\" data-widget_type=\"agraria_core_separator.default\">\n\t\t\t\t<div class=\"elementor-widget-container\">\n\t\t\t\t\t<div class=\"qodef-shortcode qodef-m qodef-separator clear qodef-position--center\">\n\t<div class=\"qodef-m-line\" style=\"border-color: #02010100\"><\/div>\n<\/div>\n\t\t\t\t<\/div>\n\t\t\t\t<\/div>\n\t\t\t\t\t<\/div>\n\t\t<\/div>\n\t\t\t\t<div class=\"elementor-column elementor-col-50 elementor-top-column elementor-element elementor-element-552a359\" data-id=\"552a359\" data-element_type=\"column\">\n\t\t\t<div class=\"elementor-widget-wrap elementor-element-populated\">\n\t\t\t\t\t\t<div class=\"elementor-element elementor-element-9a0e907 elementor-widget elementor-widget-agraria_core_section_title\" data-id=\"9a0e907\" data-element_type=\"widget\" data-widget_type=\"agraria_core_section_title.default\">\n\t\t\t\t<div class=\"elementor-widget-container\">\n\t\t\t\t\t<div class=\"qodef-shortcode qodef-m qodef-section-title qodef-alignment--left qodef-title-break--disabled\">\n\t\t\t\t<h2 class=\"qodef-m-title\" >\n\t\t\t\t\tQualit\u00e4tssicherung<br \/> Labor\t\t\t<\/h2>\n\t\t<\/div>\n\t\t\t\t<\/div>\n\t\t\t\t<\/div>\n\t\t\t\t<div class=\"elementor-element elementor-element-93b58eb elementor-widget elementor-widget-text-editor\" data-id=\"93b58eb\" data-element_type=\"widget\" data-widget_type=\"text-editor.default\">\n\t\t\t\t\t\t\t\t\t<p><span style=\"font-weight: 400;\">In einem Markt, der zunehmend durch Betrug, \u00dcberverarbeitung und Verf\u00e4lschung herausgefordert wird, <\/span><b>LK Trade&#039;s<\/b><span style=\"font-weight: 400;\"> Labor steht als S\u00e4ule des Vertrauens. Wir stellen sicher, dass das, was wir liefern, nicht nur Honig ist \u2013 es ist gepr\u00fcfter, nat\u00fcrlicher und vollst\u00e4ndig r\u00fcckverfolgbarer Honig, der die Erwartungen gesundheitsbewusster Verbraucher und der anspruchsvollsten M\u00e4rkte der Welt erf\u00fcllt<\/span><\/p><p><span style=\"font-weight: 400;\">Unter der Leitung erfahrener Fachleute f\u00fchrt unser Labor umfassende Tests durch, darunter organoleptische Bewertungen, physikochemischen Analysen, Antibiotika-Screening und Verf\u00e4lschungskontrolle. \u00dcber Routinekontrollen hinaus bieten wir <\/span><b>F&amp;E-Checks einleiten<\/b><span style=\"font-weight: 400;\"> Wir arbeiten mit den staatlichen Laboratorien der Ukraine zusammen, verfeinern unsere Methoden kontinuierlich und richten sie an nationalen und globalen Lebensmittelsicherheitsstandards aus.<\/span><\/p><p><span style=\"font-weight: 400;\">Dar\u00fcber hinaus arbeiten wir kontinuierlich mit externen Laboren zusammen und f\u00fchren regelm\u00e4\u00dfige Querpr\u00fcfungen unserer internen Berichte durch, um Genauigkeit, Transparenz und die Einhaltung strengster internationaler Anforderungen sicherzustellen.<\/span><\/p>\t\t\t\t\t\t\t\t<\/div>\n\t\t\t\t<div class=\"elementor-element elementor-element-251aee5 elementor-widget elementor-widget-agraria_core_icon_list_item\" data-id=\"251aee5\" data-element_type=\"widget\" data-widget_type=\"agraria_core_icon_list_item.default\">\n\t\t\t\t<div class=\"elementor-widget-container\">\n\t\t\t\t\t<div class=\"qodef-icon-list-item qodef-icon--custom-icon\" >\n\t<p class=\"qodef-e-title\" style=\"line-height: 25px\">\n\t\t\t\t\t<span class=\"qodef-e-title-inner\">\n\t\t\t\t<img decoding=\"async\" width=\"30\" height=\"30\" src=\"https:\/\/honey-way.com\/wp-content\/uploads\/2023\/03\/icon-list.png\" class=\"attachment-full size-full\" alt=\"d\" \/>\t\t\t\t<span class=\"qodef-e-title-text\" style=\"margin-left: 15px;line-height: 25px\">Unser Team aus Laborfachleuten verf\u00fcgt \u00fcber eine spezielle Ausbildung und langj\u00e4hrige praktische Erfahrung.<\/span>\n\t\t\t<\/span>\n\t\t\t<\/p>\n<\/div>\n\t\t\t\t<\/div>\n\t\t\t\t<\/div>\n\t\t\t\t<div class=\"elementor-element elementor-element-1e12315 elementor-widget elementor-widget-agraria_core_icon_list_item\" data-id=\"1e12315\" data-element_type=\"widget\" data-widget_type=\"agraria_core_icon_list_item.default\">\n\t\t\t\t<div class=\"elementor-widget-container\">\n\t\t\t\t\t<div class=\"qodef-icon-list-item qodef-icon--custom-icon\" >\n\t<p class=\"qodef-e-title\" style=\"line-height: 25px\">\n\t\t\t\t\t<span class=\"qodef-e-title-inner\">\n\t\t\t\t<img decoding=\"async\" width=\"30\" height=\"30\" src=\"https:\/\/honey-way.com\/wp-content\/uploads\/2023\/03\/icon-list.png\" class=\"attachment-full size-full\" alt=\"d\" \/>\t\t\t\t<span class=\"qodef-e-title-text\" style=\"margin-left: 15px;line-height: 25px\">Die Ergebnisse unserer Labortests wurden wiederholt von namhaften Laboren wie Intertek, Eurofins und QSI best\u00e4tigt.<\/span>\n\t\t\t<\/span>\n\t\t\t<\/p>\n<\/div>\n\t\t\t\t<\/div>\n\t\t\t\t<\/div>\n\t\t\t\t<section class=\"elementor-section elementor-inner-section elementor-element elementor-element-5479d8d elementor-section-boxed elementor-section-height-default elementor-section-height-default\" data-id=\"5479d8d\" data-element_type=\"section\">\n\t\t\t\t\t\t<div class=\"elementor-container elementor-column-gap-default\">\n\t\t\t\t\t<div class=\"elementor-column elementor-col-33 elementor-inner-column elementor-element elementor-element-214accd\" data-id=\"214accd\" data-element_type=\"column\">\n\t\t\t<div class=\"elementor-widget-wrap elementor-element-populated\">\n\t\t\t\t\t\t<div class=\"elementor-element elementor-element-ce528b7 elementor-widget__width-initial elementor-widget-mobile__width-initial elementor-widget elementor-widget-agraria_core_single_image\" data-id=\"ce528b7\" data-element_type=\"widget\" data-widget_type=\"agraria_core_single_image.default\">\n\t\t\t\t<div class=\"elementor-widget-container\">\n\t\t\t\t\t<div class=\"qodef-shortcode qodef-m qodef-single-image qodef-layout--default qodef--retina qodef-has-appear\">\n\t\t\t<div class=\"qodef-m-image\" >\n\t\t\t\t\t\t\t\t\t\t\t\t\t\t<img fetchpriority=\"high\" decoding=\"async\" itemprop=\"image\" src=\"https:\/\/honey-way.com\/wp-content\/uploads\/2025\/07\/fssc22000.jpg\" width=\"416\" height=\"314\" alt=\"\" \/>\n\t\t\t\t\t\t\t\t\t\t\t\t\t<\/div>\n\t<\/div>\n\t\t\t\t<\/div>\n\t\t\t\t<\/div>\n\t\t\t\t\t<\/div>\n\t\t<\/div>\n\t\t\t\t<div class=\"elementor-column elementor-col-33 elementor-inner-column elementor-element elementor-element-a6b8212\" data-id=\"a6b8212\" data-element_type=\"column\">\n\t\t\t<div class=\"elementor-widget-wrap elementor-element-populated\">\n\t\t\t\t\t\t<div class=\"elementor-element elementor-element-87e0ae6 elementor-widget__width-initial elementor-widget-mobile__width-initial elementor-widget elementor-widget-agraria_core_single_image\" data-id=\"87e0ae6\" data-element_type=\"widget\" data-widget_type=\"agraria_core_single_image.default\">\n\t\t\t\t<div class=\"elementor-widget-container\">\n\t\t\t\t\t<div class=\"qodef-shortcode qodef-m qodef-single-image qodef-layout--default qodef--retina qodef-has-appear\">\n\t\t\t<div class=\"qodef-m-image\" >\n\t\t\t\t\t\t\t\t\t\t\t\t\t\t<img decoding=\"async\" itemprop=\"image\" src=\"https:\/\/honey-way.com\/wp-content\/uploads\/2025\/07\/SGS-ISO-9001-COLOR.jpg\" width=\"416\" height=\"314\" alt=\"\" \/>\n\t\t\t\t\t\t\t\t\t\t\t\t\t<\/div>\n\t<\/div>\n\t\t\t\t<\/div>\n\t\t\t\t<\/div>\n\t\t\t\t\t<\/div>\n\t\t<\/div>\n\t\t\t\t<div class=\"elementor-column elementor-col-33 elementor-inner-column elementor-element elementor-element-90a5115\" data-id=\"90a5115\" data-element_type=\"column\">\n\t\t\t<div class=\"elementor-widget-wrap\">\n\t\t\t\t\t\t\t<\/div>\n\t\t<\/div>\n\t\t\t\t\t<\/div>\n\t\t<\/section>\n\t\t\t\t\t<\/div>\n\t\t<\/div>\n\t\t\t\t\t<\/div>\n\t\t<\/section>\n\t\t\t\t<section class=\"elementor-section elementor-top-section elementor-element elementor-element-e58da09 elementor-section-full_width elementor-section-height-default elementor-section-height-default\" data-id=\"e58da09\" data-element_type=\"section\" data-settings=\"{&quot;background_background&quot;:&quot;classic&quot;}\">\n\t\t\t\t\t\t<div class=\"elementor-container elementor-column-gap-default\">\n\t\t\t\t\t<div class=\"elementor-column elementor-col-33 elementor-top-column elementor-element elementor-element-1cae0c1\" data-id=\"1cae0c1\" data-element_type=\"column\">\n\t\t\t<div class=\"elementor-widget-wrap elementor-element-populated\">\n\t\t\t\t\t\t<div class=\"elementor-element elementor-element-12d0a5d elementor-widget elementor-widget-agraria_core_banner\" data-id=\"12d0a5d\" data-element_type=\"widget\" data-widget_type=\"agraria_core_banner.default\">\n\t\t\t\t<div class=\"elementor-widget-container\">\n\t\t\t\t\t<div class=\"qodef-shortcode qodef-m qodef-banner qodef-layout--link-overlay\">\n\t<div class=\"qodef-m-image\" >\n\t<img loading=\"lazy\" decoding=\"async\" width=\"2560\" height=\"1707\" src=\"https:\/\/honey-way.com\/wp-content\/uploads\/2025\/07\/1W9A8125_result-scaled.jpg\" class=\"attachment-full size-full\" alt=\"\" srcset=\"https:\/\/honey-way.com\/wp-content\/uploads\/2025\/07\/1W9A8125_result-scaled.jpg 2560w, https:\/\/honey-way.com\/wp-content\/uploads\/2025\/07\/1W9A8125_result-scaled-600x400.jpg 600w, https:\/\/honey-way.com\/wp-content\/uploads\/2025\/07\/1W9A8125_result-300x200.jpg 300w, https:\/\/honey-way.com\/wp-content\/uploads\/2025\/07\/1W9A8125_result-1024x683.jpg 1024w, https:\/\/honey-way.com\/wp-content\/uploads\/2025\/07\/1W9A8125_result-768x512.jpg 768w, https:\/\/honey-way.com\/wp-content\/uploads\/2025\/07\/1W9A8125_result-1536x1024.jpg 1536w, https:\/\/honey-way.com\/wp-content\/uploads\/2025\/07\/1W9A8125_result-2048x1365.jpg 2048w\" sizes=\"(max-width: 2560px) 100vw, 2560px\" \/><\/div>\n\t<div class=\"qodef-m-content\">\n\t\t<div class=\"qodef-m-content-inner\" >\n\t\t\t\t\t\t\t\t\t\t\t<\/div>\n\t<\/div>\n\t<a itemprop=\"url\" href=\"#\" class=\"qodef-m-banner-link\" target=\"_self\"><\/a>\n\n<\/div>\n\t\t\t\t<\/div>\n\t\t\t\t<\/div>\n\t\t\t\t\t<\/div>\n\t\t<\/div>\n\t\t\t\t<div class=\"elementor-column elementor-col-33 elementor-top-column elementor-element elementor-element-a24aa10\" data-id=\"a24aa10\" data-element_type=\"column\">\n\t\t\t<div class=\"elementor-widget-wrap elementor-element-populated\">\n\t\t\t\t\t\t<div class=\"elementor-element elementor-element-5483c02 elementor-widget elementor-widget-agraria_core_banner\" data-id=\"5483c02\" data-element_type=\"widget\" data-widget_type=\"agraria_core_banner.default\">\n\t\t\t\t<div class=\"elementor-widget-container\">\n\t\t\t\t\t<div class=\"qodef-shortcode qodef-m qodef-banner qodef-layout--link-overlay\">\n\t<div class=\"qodef-m-image\" >\n\t<img loading=\"lazy\" decoding=\"async\" width=\"2560\" height=\"1707\" src=\"https:\/\/honey-way.com\/wp-content\/uploads\/2025\/07\/1W9A8425_result-scaled.jpg\" class=\"attachment-full size-full\" alt=\"\" srcset=\"https:\/\/honey-way.com\/wp-content\/uploads\/2025\/07\/1W9A8425_result-scaled.jpg 2560w, https:\/\/honey-way.com\/wp-content\/uploads\/2025\/07\/1W9A8425_result-scaled-600x400.jpg 600w, https:\/\/honey-way.com\/wp-content\/uploads\/2025\/07\/1W9A8425_result-300x200.jpg 300w, https:\/\/honey-way.com\/wp-content\/uploads\/2025\/07\/1W9A8425_result-1024x683.jpg 1024w, https:\/\/honey-way.com\/wp-content\/uploads\/2025\/07\/1W9A8425_result-768x512.jpg 768w, https:\/\/honey-way.com\/wp-content\/uploads\/2025\/07\/1W9A8425_result-1536x1024.jpg 1536w, https:\/\/honey-way.com\/wp-content\/uploads\/2025\/07\/1W9A8425_result-2048x1365.jpg 2048w\" sizes=\"(max-width: 2560px) 100vw, 2560px\" \/><\/div>\n\t<div class=\"qodef-m-content\">\n\t\t<div class=\"qodef-m-content-inner\" >\n\t\t\t\t\t\t\t\t\t\t\t<\/div>\n\t<\/div>\n\t<a itemprop=\"url\" href=\"#\" class=\"qodef-m-banner-link\" target=\"_self\"><\/a>\n\n<\/div>\n\t\t\t\t<\/div>\n\t\t\t\t<\/div>\n\t\t\t\t\t<\/div>\n\t\t<\/div>\n\t\t\t\t<div class=\"elementor-column elementor-col-33 elementor-top-column elementor-element elementor-element-679510d\" data-id=\"679510d\" data-element_type=\"column\">\n\t\t\t<div class=\"elementor-widget-wrap elementor-element-populated\">\n\t\t\t\t\t\t<section class=\"elementor-section elementor-inner-section elementor-element elementor-element-b6a3498 elementor-section-full_width elementor-section-height-default elementor-section-height-default\" data-id=\"b6a3498\" data-element_type=\"section\">\n\t\t\t\t\t\t<div class=\"elementor-container elementor-column-gap-default\">\n\t\t\t\t\t<div class=\"elementor-column elementor-col-100 elementor-inner-column elementor-element elementor-element-a11de4f\" data-id=\"a11de4f\" data-element_type=\"column\">\n\t\t\t<div class=\"elementor-widget-wrap elementor-element-populated\">\n\t\t\t\t\t\t<div class=\"elementor-element elementor-element-1393e91 elementor-widget elementor-widget-agraria_core_banner\" data-id=\"1393e91\" data-element_type=\"widget\" data-widget_type=\"agraria_core_banner.default\">\n\t\t\t\t<div class=\"elementor-widget-container\">\n\t\t\t\t\t<div class=\"qodef-shortcode qodef-m qodef-banner qodef-layout--link-overlay\">\n\t<div class=\"qodef-m-image\" >\n\t<img loading=\"lazy\" decoding=\"async\" width=\"2560\" height=\"1707\" src=\"https:\/\/honey-way.com\/wp-content\/uploads\/2025\/07\/1W9A8337_result-scaled.jpg\" class=\"attachment-full size-full\" alt=\"\" srcset=\"https:\/\/honey-way.com\/wp-content\/uploads\/2025\/07\/1W9A8337_result-scaled.jpg 2560w, https:\/\/honey-way.com\/wp-content\/uploads\/2025\/07\/1W9A8337_result-scaled-600x400.jpg 600w, https:\/\/honey-way.com\/wp-content\/uploads\/2025\/07\/1W9A8337_result-300x200.jpg 300w, https:\/\/honey-way.com\/wp-content\/uploads\/2025\/07\/1W9A8337_result-1024x683.jpg 1024w, https:\/\/honey-way.com\/wp-content\/uploads\/2025\/07\/1W9A8337_result-768x512.jpg 768w, https:\/\/honey-way.com\/wp-content\/uploads\/2025\/07\/1W9A8337_result-1536x1024.jpg 1536w, https:\/\/honey-way.com\/wp-content\/uploads\/2025\/07\/1W9A8337_result-2048x1365.jpg 2048w\" sizes=\"(max-width: 2560px) 100vw, 2560px\" \/><\/div>\n\t<div class=\"qodef-m-content\">\n\t\t<div class=\"qodef-m-content-inner\" >\n\t\t\t\t\t\t\t\t\t\t\t<\/div>\n\t<\/div>\n\t<a itemprop=\"url\" href=\"#\" class=\"qodef-m-banner-link\" target=\"_self\"><\/a>\n\n<\/div>\n\t\t\t\t<\/div>\n\t\t\t\t<\/div>\n\t\t\t\t\t<\/div>\n\t\t<\/div>\n\t\t\t\t\t<\/div>\n\t\t<\/section>\n\t\t\t\t\t<\/div>\n\t\t<\/div>\n\t\t\t\t\t<\/div>\n\t\t<\/section>\n\t\t\t\t<\/div>","protected":false},"excerpt":{"rendered":"<p>Qualit\u00e4tssicherungslabor In einem Markt, der zunehmend mit Betrug, \u00dcberverarbeitung und Verf\u00e4lschung zu k\u00e4mpfen hat, steht das Labor von LK Trade f\u00fcr Vertrauen. Wir garantieren, dass wir nicht einfach nur Honig liefern \u2013 sondern gepr\u00fcften, nat\u00fcrlichen und vollst\u00e4ndig r\u00fcckverfolgbaren Honig, der den Erwartungen gesundheitsbewusster Verbraucher und der anspruchsvollsten M\u00e4rkte weltweit gerecht wird. [\u2026]<\/p>","protected":false},"author":1,"featured_media":0,"parent":0,"menu_order":0,"comment_status":"closed","ping_status":"closed","template":"page-full-width.php","meta":{"inline_featured_image":false,"footnotes":""},"class_list":["post-11828","page","type-page","status-publish","hentry"],"_links":{"self":[{"href":"https:\/\/honey-way.com\/de\/wp-json\/wp\/v2\/pages\/11828","targetHints":{"allow":["GET"]}}],"collection":[{"href":"https:\/\/honey-way.com\/de\/wp-json\/wp\/v2\/pages"}],"about":[{"href":"https:\/\/honey-way.com\/de\/wp-json\/wp\/v2\/types\/page"}],"author":[{"embeddable":true,"href":"https:\/\/honey-way.com\/de\/wp-json\/wp\/v2\/users\/1"}],"replies":[{"embeddable":true,"href":"https:\/\/honey-way.com\/de\/wp-json\/wp\/v2\/comments?post=11828"}],"version-history":[{"count":22,"href":"https:\/\/honey-way.com\/de\/wp-json\/wp\/v2\/pages\/11828\/revisions"}],"predecessor-version":[{"id":12557,"href":"https:\/\/honey-way.com\/de\/wp-json\/wp\/v2\/pages\/11828\/revisions\/12557"}],"wp:attachment":[{"href":"https:\/\/honey-way.com\/de\/wp-json\/wp\/v2\/media?parent=11828"}],"curies":[{"name":"wp","href":"https:\/\/api.w.org\/{rel}","templated":true}]}}