{"id":4135,"date":"2023-03-29T12:41:24","date_gmt":"2023-03-29T12:41:24","guid":{"rendered":"https:\/\/agraria.qodeinteractive.com\/?page_id=4135"},"modified":"2025-10-07T12:11:57","modified_gmt":"2025-10-07T11:11:57","slug":"about-us","status":"publish","type":"page","link":"https:\/\/honey-way.com\/de\/about-us\/","title":{"rendered":"\u00dcber uns"},"content":{"rendered":"<div data-elementor-type=\"wp-page\" data-elementor-id=\"4135\" class=\"elementor elementor-4135\">\n\t\t\t\t\t\t<section class=\"elementor-section elementor-top-section elementor-element elementor-element-3186477 elementor-section-full_width qodef-elementor-content-grid elementor-section-height-default elementor-section-height-default\" data-id=\"3186477\" data-element_type=\"section\" data-settings=\"{&quot;background_background&quot;:&quot;classic&quot;}\">\n\t\t\t\t\t\t<div class=\"elementor-container elementor-column-gap-default\">\n\t\t\t\t\t<div class=\"elementor-column elementor-col-50 elementor-top-column elementor-element elementor-element-98d2536\" data-id=\"98d2536\" data-element_type=\"column\">\n\t\t\t<div class=\"elementor-widget-wrap elementor-element-populated\">\n\t\t\t\t\t\t<div class=\"elementor-element elementor-element-d2f094f elementor-widget elementor-widget-agraria_core_section_title\" data-id=\"d2f094f\" data-element_type=\"widget\" data-widget_type=\"agraria_core_section_title.default\">\n\t\t\t\t<div class=\"elementor-widget-container\">\n\t\t\t\t\t<div class=\"qodef-shortcode qodef-m qodef-section-title qodef-alignment--left qodef-title-break--disabled\">\n\t\t\t\t<h2 class=\"qodef-m-title\" >\n\t\t\t\t\tReiner Honig. Bew\u00e4hrte Qualit\u00e4t. Menschen, denen Sie vertrauen k\u00f6nnen.\t\t\t<\/h2>\n\t\t<\/div>\n\t\t\t\t<\/div>\n\t\t\t\t<\/div>\n\t\t\t\t\t<\/div>\n\t\t<\/div>\n\t\t\t\t<div class=\"elementor-column elementor-col-50 elementor-top-column elementor-element elementor-element-e99b0f4\" data-id=\"e99b0f4\" data-element_type=\"column\">\n\t\t\t<div class=\"elementor-widget-wrap elementor-element-populated\">\n\t\t\t\t\t\t<section class=\"elementor-section elementor-inner-section elementor-element elementor-element-9816fa9 elementor-section-boxed elementor-section-height-default elementor-section-height-default\" data-id=\"9816fa9\" data-element_type=\"section\">\n\t\t\t\t\t\t<div class=\"elementor-container elementor-column-gap-default\">\n\t\t\t\t\t<div class=\"elementor-column elementor-col-50 elementor-inner-column elementor-element elementor-element-3ea4097\" data-id=\"3ea4097\" data-element_type=\"column\">\n\t\t\t<div class=\"elementor-widget-wrap elementor-element-populated\">\n\t\t\t\t\t\t<div class=\"elementor-element elementor-element-ee7111a elementor-widget__width-auto elementor-widget elementor-widget-agraria_core_counter\" data-id=\"ee7111a\" data-element_type=\"widget\" data-widget_type=\"agraria_core_counter.default\">\n\t\t\t\t<div class=\"elementor-widget-container\">\n\t\t\t\t\t<div class=\"qodef-shortcode qodef-m qodef-counter qodef-layout--simple qodef-alignment--left\" data-start-digit=\"1\" data-end-digit=\"30\" data-step-digit=\"10\">\n\t<div class=\"qodef-m-digit-wrapper\">\n\t\t<span class=\"qodef-m-digit\" style=\"color: #D9C39E;font-size: 90px\"><\/span>\n\t<\/div>\n\t<div class=\"qodef-m-content\">\n\t\t\t\t\t<\/div>\n<\/div>\n\t\t\t\t<\/div>\n\t\t\t\t<\/div>\n\t\t\t\t<div class=\"elementor-element elementor-element-c3934d8 elementor-widget elementor-widget-text-editor\" data-id=\"c3934d8\" data-element_type=\"widget\" data-widget_type=\"text-editor.default\">\n\t\t\t\t\t\t\t\t\t<p class=\"p1\"><strong>Jahrelanges Vertrauensaufbauen mit Partnern, Kunden und Imkern<\/strong><\/p>\t\t\t\t\t\t\t\t<\/div>\n\t\t\t\t\t<\/div>\n\t\t<\/div>\n\t\t\t\t<div class=\"elementor-column elementor-col-50 elementor-inner-column elementor-element elementor-element-ca5c5d9\" data-id=\"ca5c5d9\" data-element_type=\"column\">\n\t\t\t<div class=\"elementor-widget-wrap elementor-element-populated\">\n\t\t\t\t\t\t<div class=\"elementor-element elementor-element-75b9cc4 elementor-widget__width-auto elementor-widget elementor-widget-agraria_core_counter\" data-id=\"75b9cc4\" data-element_type=\"widget\" data-widget_type=\"agraria_core_counter.default\">\n\t\t\t\t<div class=\"elementor-widget-container\">\n\t\t\t\t\t<div class=\"qodef-shortcode qodef-m qodef-counter qodef-layout--simple qodef-alignment--left\" data-start-digit=\"1\" data-end-digit=\"80\" data-step-digit=\"50\" data-digit-label=\"mt\">\n\t<div class=\"qodef-m-digit-wrapper\">\n\t\t<span class=\"qodef-m-digit\" style=\"color: #D9C39E;font-size: 90px\"><\/span>\n\t<\/div>\n\t<div class=\"qodef-m-content\">\n\t\t\t\t\t<\/div>\n<\/div>\n\t\t\t\t<\/div>\n\t\t\t\t<\/div>\n\t\t\t\t<div class=\"elementor-element elementor-element-c4c5f73 elementor-widget elementor-widget-text-editor\" data-id=\"c4c5f73\" data-element_type=\"widget\" data-widget_type=\"text-editor.default\">\n\t\t\t\t\t\t\t\t\t<p><strong>Unsere Produktionskapazit\u00e4t erm\u00f6glicht die Verarbeitung von 80 Tonnen Honig pro Tag<\/strong><\/p>\t\t\t\t\t\t\t\t<\/div>\n\t\t\t\t\t<\/div>\n\t\t<\/div>\n\t\t\t\t\t<\/div>\n\t\t<\/section>\n\t\t\t\t<section class=\"elementor-section elementor-inner-section elementor-element elementor-element-1d4ea68 elementor-section-boxed elementor-section-height-default elementor-section-height-default\" data-id=\"1d4ea68\" data-element_type=\"section\">\n\t\t\t\t\t\t<div class=\"elementor-container elementor-column-gap-default\">\n\t\t\t\t\t<div class=\"elementor-column elementor-col-50 elementor-inner-column elementor-element elementor-element-9316ea4\" data-id=\"9316ea4\" data-element_type=\"column\">\n\t\t\t<div class=\"elementor-widget-wrap elementor-element-populated\">\n\t\t\t\t\t\t<div class=\"elementor-element elementor-element-9e8c5c2 elementor-widget__width-auto elementor-widget elementor-widget-agraria_core_counter\" data-id=\"9e8c5c2\" data-element_type=\"widget\" data-widget_type=\"agraria_core_counter.default\">\n\t\t\t\t<div class=\"elementor-widget-container\">\n\t\t\t\t\t<div class=\"qodef-shortcode qodef-m qodef-counter qodef-layout--simple qodef-alignment--left\" data-start-digit=\"4500\" data-end-digit=\"4500\" data-step-digit=\"5\" data-digit-label=\"mt\">\n\t<div class=\"qodef-m-digit-wrapper\">\n\t\t<span class=\"qodef-m-digit\" style=\"color: #D9C39E;font-size: 90px\"><\/span>\n\t<\/div>\n\t<div class=\"qodef-m-content\">\n\t\t\t\t\t<\/div>\n<\/div>\n\t\t\t\t<\/div>\n\t\t\t\t<\/div>\n\t\t\t\t<div class=\"elementor-element elementor-element-dc4eb3a elementor-widget elementor-widget-text-editor\" data-id=\"dc4eb3a\" data-element_type=\"widget\" data-widget_type=\"text-editor.default\">\n\t\t\t\t\t\t\t\t\t<p><b>die Lautst\u00e4rke<\/b> <b>wir verarbeiten und exportieren j\u00e4hrlich<\/b><\/p>\t\t\t\t\t\t\t\t<\/div>\n\t\t\t\t\t<\/div>\n\t\t<\/div>\n\t\t\t\t<div class=\"elementor-column elementor-col-50 elementor-inner-column elementor-element elementor-element-a9b6169\" data-id=\"a9b6169\" data-element_type=\"column\">\n\t\t\t<div class=\"elementor-widget-wrap elementor-element-populated\">\n\t\t\t\t\t\t<div class=\"elementor-element elementor-element-ca86ddb elementor-widget__width-auto elementor-widget elementor-widget-agraria_core_counter\" data-id=\"ca86ddb\" data-element_type=\"widget\" data-widget_type=\"agraria_core_counter.default\">\n\t\t\t\t<div class=\"elementor-widget-container\">\n\t\t\t\t\t<div class=\"qodef-shortcode qodef-m qodef-counter qodef-layout--simple qodef-alignment--left\" data-start-digit=\"1\" data-end-digit=\"15\" data-step-digit=\"15\">\n\t<div class=\"qodef-m-digit-wrapper\">\n\t\t<span class=\"qodef-m-digit\" style=\"color: #D9C39E;font-size: 90px\"><\/span>\n\t<\/div>\n\t<div class=\"qodef-m-content\">\n\t\t\t\t\t<\/div>\n<\/div>\n\t\t\t\t<\/div>\n\t\t\t\t<\/div>\n\t\t\t\t<div class=\"elementor-element elementor-element-9a4bfff elementor-widget elementor-widget-text-editor\" data-id=\"9a4bfff\" data-element_type=\"widget\" data-widget_type=\"text-editor.default\">\n\t\t\t\t\t\t\t\t\t<p class=\"p1\"><b>Wir betreuen Kunden in mehr als 15 L\u00e4ndern weltweit<\/b><\/p>\t\t\t\t\t\t\t\t<\/div>\n\t\t\t\t\t<\/div>\n\t\t<\/div>\n\t\t\t\t\t<\/div>\n\t\t<\/section>\n\t\t\t\t\t<\/div>\n\t\t<\/div>\n\t\t\t\t\t<\/div>\n\t\t<\/section>\n\t\t\t\t<section class=\"elementor-section elementor-top-section elementor-element elementor-element-47c8ac9 elementor-section-full_width qodef-elementor-content-grid elementor-section-height-default elementor-section-height-default\" data-id=\"47c8ac9\" data-element_type=\"section\" data-settings=\"{&quot;background_background&quot;:&quot;video&quot;,&quot;background_video_link&quot;:&quot;https:\\\/\\\/honey-way.com\\\/wp-content\\\/uploads\\\/2025\\\/07\\\/shutterstock_1068405686_22.4.15.mp4&quot;,&quot;background_play_on_mobile&quot;:&quot;yes&quot;}\">\n\t\t\t\t\t\t\t\t<div class=\"elementor-background-video-container\">\n\t\t\t\t\t\t\t\t\t\t\t\t\t<video class=\"elementor-background-video-hosted\" autoplay muted playsinline loop><\/video>\n\t\t\t\t\t\t\t\t\t\t\t<\/div>\n\t\t\t\t\t\t\t\t<div class=\"elementor-container elementor-column-gap-default\">\n\t\t\t\t\t<div class=\"elementor-column elementor-col-100 elementor-top-column elementor-element elementor-element-79564ae5\" data-id=\"79564ae5\" data-element_type=\"column\">\n\t\t\t<div class=\"elementor-widget-wrap elementor-element-populated\">\n\t\t\t\t\t\t<div class=\"elementor-element elementor-element-69e9a6bc elementor-widget elementor-widget-agraria_core_section_title\" data-id=\"69e9a6bc\" data-element_type=\"widget\" data-widget_type=\"agraria_core_section_title.default\">\n\t\t\t\t<div class=\"elementor-widget-container\">\n\t\t\t\t\t<div class=\"qodef-shortcode qodef-m qodef-section-title qodef-alignment--left\">\n\t\t\t\t<h2 class=\"qodef-m-title\" style=\"color: #FFFFFF\">\n\t\t\t\t\tHonigproduktion<br \/> und Gro\u00dfhandel\t\t\t<\/h2>\n\t\t<\/div>\n\t\t\t\t<\/div>\n\t\t\t\t<\/div>\n\t\t\t\t\t<\/div>\n\t\t<\/div>\n\t\t\t\t\t<\/div>\n\t\t<\/section>\n\t\t\t\t<section class=\"elementor-section elementor-top-section elementor-element elementor-element-14535ad elementor-section-full_width qodef-elementor-content-grid elementor-section-height-default elementor-section-height-default\" data-id=\"14535ad\" data-element_type=\"section\">\n\t\t\t\t\t\t<div class=\"elementor-container elementor-column-gap-default\">\n\t\t\t\t\t<div class=\"elementor-column elementor-col-50 elementor-top-column elementor-element elementor-element-b5cb960\" data-id=\"b5cb960\" data-element_type=\"column\">\n\t\t\t<div class=\"elementor-widget-wrap elementor-element-populated\">\n\t\t\t\t\t\t<div class=\"elementor-element elementor-element-2974fb1 elementor-widget elementor-widget-agraria_core_section_title\" data-id=\"2974fb1\" data-element_type=\"widget\" data-widget_type=\"agraria_core_section_title.default\">\n\t\t\t\t<div class=\"elementor-widget-container\">\n\t\t\t\t\t<div class=\"qodef-shortcode qodef-m qodef-section-title qodef-alignment--left\">\n\t\t<span class=\"qodef-m-subtitle\" style=\"color: #162E09\">\u00dcBER UNS<\/span>\n\t\t\t<h2 class=\"qodef-m-title\" style=\"margin-top: 6px\">\n\t\t\t\t\tIhr Tor zur Welt des nat\u00fcrlichen Bienenprodukts 100%\t\t\t<\/h2>\n\t\t<\/div>\n\t\t\t\t<\/div>\n\t\t\t\t<\/div>\n\t\t\t\t<section class=\"elementor-section elementor-inner-section elementor-element elementor-element-6c5fb5e elementor-section-full_width elementor-section-height-default elementor-section-height-default\" data-id=\"6c5fb5e\" data-element_type=\"section\">\n\t\t\t\t\t\t<div class=\"elementor-container elementor-column-gap-default\">\n\t\t\t\t\t<div class=\"elementor-column elementor-col-100 elementor-inner-column elementor-element elementor-element-303634e\" data-id=\"303634e\" data-element_type=\"column\">\n\t\t\t<div class=\"elementor-widget-wrap elementor-element-populated\">\n\t\t\t\t\t\t<div class=\"elementor-element elementor-element-f4cf2b5 elementor-widget__width-auto elementor-widget elementor-widget-agraria_core_single_image\" data-id=\"f4cf2b5\" data-element_type=\"widget\" data-widget_type=\"agraria_core_single_image.default\">\n\t\t\t\t<div class=\"elementor-widget-container\">\n\t\t\t\t\t<div class=\"qodef-shortcode qodef-m qodef-single-image qodef-layout--default qodef--retina\">\n\t<\/div>\n\t\t\t\t<\/div>\n\t\t\t\t<\/div>\n\t\t\t\t\t<\/div>\n\t\t<\/div>\n\t\t\t\t\t<\/div>\n\t\t<\/section>\n\t\t\t\t\t<\/div>\n\t\t<\/div>\n\t\t\t\t<div class=\"elementor-column elementor-col-50 elementor-top-column elementor-element elementor-element-a8b63ad\" data-id=\"a8b63ad\" data-element_type=\"column\">\n\t\t\t<div class=\"elementor-widget-wrap elementor-element-populated\">\n\t\t\t\t\t\t<section class=\"elementor-section elementor-inner-section elementor-element elementor-element-727c9c5 elementor-section-full_width elementor-section-height-default elementor-section-height-default\" data-id=\"727c9c5\" data-element_type=\"section\">\n\t\t\t\t\t\t<div class=\"elementor-container elementor-column-gap-default\">\n\t\t\t\t\t<div class=\"elementor-column elementor-col-50 elementor-inner-column elementor-element elementor-element-3cd883c\" data-id=\"3cd883c\" data-element_type=\"column\">\n\t\t\t<div class=\"elementor-widget-wrap elementor-element-populated\">\n\t\t\t\t\t\t<div class=\"elementor-element elementor-element-4d46300 elementor-widget elementor-widget-agraria_core_icon_with_text\" data-id=\"4d46300\" data-element_type=\"widget\" data-widget_type=\"agraria_core_icon_with_text.default\">\n\t\t\t\t<div class=\"elementor-widget-container\">\n\t\t\t\t\t<div class=\"qodef-shortcode qodef-m qodef-icon-with-text qodef-layout--top qodef--custom-icon qodef--retina qodef-alignment--left\">\n\t<div class=\"qodef-m-icon-wrapper\">\n\t\t\t\t\t<img decoding=\"async\" width=\"113\" height=\"119\" src=\"https:\/\/honey-way.com\/wp-content\/uploads\/2025\/09\/c-1-e1758623017340.png\" class=\"attachment-full size-full\" alt=\"\" \/>\t\t<\/div>\n\t<div class=\"qodef-m-content\">\n\t\t\t<h6 class=\"qodef-m-title\" style=\"margin-top: 20px\">\n\t\t\t\t\t<span class=\"qodef-m-title-text\">Professionelles Team<\/span>\n\t\t\t<\/h6>\n\t\t\t<p class=\"qodef-m-text\" >Kann schnell auf Kundenbed\u00fcrfnisse eingehen und flexibel auf Herausforderungen reagieren.<\/p>\n\t<\/div>\n<\/div>\n\t\t\t\t<\/div>\n\t\t\t\t<\/div>\n\t\t\t\t\t<\/div>\n\t\t<\/div>\n\t\t\t\t<div class=\"elementor-column elementor-col-50 elementor-inner-column elementor-element elementor-element-794d481\" data-id=\"794d481\" data-element_type=\"column\">\n\t\t\t<div class=\"elementor-widget-wrap elementor-element-populated\">\n\t\t\t\t\t\t<div class=\"elementor-element elementor-element-e5a0c3a elementor-widget elementor-widget-agraria_core_icon_with_text\" data-id=\"e5a0c3a\" data-element_type=\"widget\" data-widget_type=\"agraria_core_icon_with_text.default\">\n\t\t\t\t<div class=\"elementor-widget-container\">\n\t\t\t\t\t<div class=\"qodef-shortcode qodef-m qodef-icon-with-text qodef-layout--top qodef--custom-icon qodef--retina qodef-alignment--left\">\n\t<div class=\"qodef-m-icon-wrapper\">\n\t\t\t\t\t<img decoding=\"async\" width=\"94\" height=\"130\" src=\"https:\/\/honey-way.com\/wp-content\/uploads\/2025\/09\/icon3-1-e1758623139729.png\" class=\"attachment-full size-full\" alt=\"\" \/>\t\t<\/div>\n\t<div class=\"qodef-m-content\">\n\t\t\t<h6 class=\"qodef-m-title\" style=\"margin-top: 22px\">\n\t\t\t\t\t<span class=\"qodef-m-title-text\">Hohe Qualit\u00e4t<\/span>\n\t\t\t<\/h6>\n\t\t\t<p class=\"qodef-m-text\" >Wir kaufen Rohstoffe nur von gepr\u00fcften Imkern und verarbeiten sie in unseren Anlagen in der Ukraine.<\/p>\n\t<\/div>\n<\/div>\n\t\t\t\t<\/div>\n\t\t\t\t<\/div>\n\t\t\t\t\t<\/div>\n\t\t<\/div>\n\t\t\t\t\t<\/div>\n\t\t<\/section>\n\t\t\t\t<section class=\"elementor-section elementor-inner-section elementor-element elementor-element-0144338 elementor-section-full_width elementor-section-height-default elementor-section-height-default\" data-id=\"0144338\" data-element_type=\"section\">\n\t\t\t\t\t\t<div class=\"elementor-container elementor-column-gap-default\">\n\t\t\t\t\t<div class=\"elementor-column elementor-col-50 elementor-inner-column elementor-element elementor-element-e8fa64b\" data-id=\"e8fa64b\" data-element_type=\"column\">\n\t\t\t<div class=\"elementor-widget-wrap elementor-element-populated\">\n\t\t\t\t\t\t<div class=\"elementor-element elementor-element-42f1295 elementor-widget elementor-widget-agraria_core_icon_with_text\" data-id=\"42f1295\" data-element_type=\"widget\" data-widget_type=\"agraria_core_icon_with_text.default\">\n\t\t\t\t<div class=\"elementor-widget-container\">\n\t\t\t\t\t<div class=\"qodef-shortcode qodef-m qodef-icon-with-text qodef-layout--top qodef--custom-icon qodef--retina qodef-alignment--left\">\n\t<div class=\"qodef-m-icon-wrapper\">\n\t\t\t\t\t<img decoding=\"async\" width=\"144\" height=\"142\" src=\"https:\/\/honey-way.com\/wp-content\/uploads\/2023\/03\/Group-144.png\" class=\"attachment-full size-full\" alt=\"c\" srcset=\"https:\/\/honey-way.com\/wp-content\/uploads\/2023\/03\/Group-144.png 144w, https:\/\/honey-way.com\/wp-content\/uploads\/2023\/03\/Group-144-100x100.png 100w\" sizes=\"(max-width: 144px) 100vw, 144px\" \/>\t\t<\/div>\n\t<div class=\"qodef-m-content\">\n\t\t\t<h6 class=\"qodef-m-title\" style=\"margin-top: 18px\">\n\t\t\t\t\t<span class=\"qodef-m-title-text\">100% Natur<\/span>\n\t\t\t<\/h6>\n\t\t\t<p class=\"qodef-m-text\" >Nat\u00fcrliche Imkereiprodukte, Bl\u00fctenhonig, eine gro\u00dfe Auswahl an Sortenhonigen und Pollen.<\/p>\n\t<\/div>\n<\/div>\n\t\t\t\t<\/div>\n\t\t\t\t<\/div>\n\t\t\t\t\t<\/div>\n\t\t<\/div>\n\t\t\t\t<div class=\"elementor-column elementor-col-50 elementor-inner-column elementor-element elementor-element-cd4a84c\" data-id=\"cd4a84c\" data-element_type=\"column\">\n\t\t\t<div class=\"elementor-widget-wrap elementor-element-populated\">\n\t\t\t\t\t\t<div class=\"elementor-element elementor-element-71cff1f elementor-widget elementor-widget-agraria_core_icon_with_text\" data-id=\"71cff1f\" data-element_type=\"widget\" data-widget_type=\"agraria_core_icon_with_text.default\">\n\t\t\t\t<div class=\"elementor-widget-container\">\n\t\t\t\t\t<div class=\"qodef-shortcode qodef-m qodef-icon-with-text qodef-layout--top qodef--custom-icon qodef--retina qodef-alignment--left\">\n\t<div class=\"qodef-m-icon-wrapper\">\n\t\t\t\t\t<img loading=\"lazy\" decoding=\"async\" width=\"120\" height=\"119\" src=\"https:\/\/honey-way.com\/wp-content\/uploads\/2025\/09\/icon1-e1758617478561.png\" class=\"attachment-full size-full\" alt=\"\" \/>\t\t<\/div>\n\t<div class=\"qodef-m-content\">\n\t\t\t<h6 class=\"qodef-m-title\" style=\"margin-top: 18px\">\n\t\t\t\t\t<span class=\"qodef-m-title-text\">Unsere Erfahrung<\/span>\n\t\t\t<\/h6>\n\t\t\t<p class=\"qodef-m-text\" >Fachwissen, dem Sie vertrauen k\u00f6nnen. Mit 10 Jahren Erfahrung in der Honigindustrie haben wir unser Handwerk perfektioniert.<\/p>\n\t<\/div>\n<\/div>\n\t\t\t\t<\/div>\n\t\t\t\t<\/div>\n\t\t\t\t\t<\/div>\n\t\t<\/div>\n\t\t\t\t\t<\/div>\n\t\t<\/section>\n\t\t\t\t\t<\/div>\n\t\t<\/div>\n\t\t\t\t\t<\/div>\n\t\t<\/section>\n\t\t\t\t<section class=\"elementor-section elementor-top-section elementor-element elementor-element-f8a5693 elementor-section-full_width elementor-section-height-min-height elementor-section-height-default elementor-section-items-middle\" data-id=\"f8a5693\" data-element_type=\"section\">\n\t\t\t\t\t\t<div class=\"elementor-container elementor-column-gap-default\">\n\t\t\t\t\t<div class=\"elementor-column elementor-col-100 elementor-top-column elementor-element elementor-element-7cda2ea\" data-id=\"7cda2ea\" data-element_type=\"column\">\n\t\t\t<div class=\"elementor-widget-wrap\">\n\t\t\t\t\t\t\t<\/div>\n\t\t<\/div>\n\t\t\t\t\t<\/div>\n\t\t<\/section>\n\t\t\t\t<\/div>","protected":false},"excerpt":{"rendered":"<p>Reiner Honig. Bew\u00e4hrte Qualit\u00e4t. Menschen, denen Sie vertrauen k\u00f6nnen. Jahrelanges Vertrauensverh\u00e4ltnis zu Partnern, Kunden und Imkern erm\u00f6glicht uns die Verarbeitung von 80 Tonnen Honig pro Tag. Wir verarbeiten und exportieren j\u00e4hrlich eine gro\u00dfe Menge Honig und beliefern Kunden in \u00fcber 15 L\u00e4ndern weltweit. Honigproduktion und -gro\u00dfhandel. \u00dcBER UNS [\u2026]<\/p>","protected":false},"author":1,"featured_media":0,"parent":0,"menu_order":0,"comment_status":"closed","ping_status":"closed","template":"page-full-width.php","meta":{"inline_featured_image":false,"footnotes":""},"class_list":["post-4135","page","type-page","status-publish","hentry"],"_links":{"self":[{"href":"https:\/\/honey-way.com\/de\/wp-json\/wp\/v2\/pages\/4135","targetHints":{"allow":["GET"]}}],"collection":[{"href":"https:\/\/honey-way.com\/de\/wp-json\/wp\/v2\/pages"}],"about":[{"href":"https:\/\/honey-way.com\/de\/wp-json\/wp\/v2\/types\/page"}],"author":[{"embeddable":true,"href":"https:\/\/honey-way.com\/de\/wp-json\/wp\/v2\/users\/1"}],"replies":[{"embeddable":true,"href":"https:\/\/honey-way.com\/de\/wp-json\/wp\/v2\/comments?post=4135"}],"version-history":[{"count":28,"href":"https:\/\/honey-way.com\/de\/wp-json\/wp\/v2\/pages\/4135\/revisions"}],"predecessor-version":[{"id":12589,"href":"https:\/\/honey-way.com\/de\/wp-json\/wp\/v2\/pages\/4135\/revisions\/12589"}],"wp:attachment":[{"href":"https:\/\/honey-way.com\/de\/wp-json\/wp\/v2\/media?parent=4135"}],"curies":[{"name":"wp","href":"https:\/\/api.w.org\/{rel}","templated":true}]}}